{"id":51,"date":"2019-06-23T05:58:00","date_gmt":"2019-06-23T05:58:00","guid":{"rendered":"https:\/\/the7.io\/hotel\/?page_id=51"},"modified":"2021-06-23T13:33:07","modified_gmt":"2021-06-23T10:33:07","slug":"iletisim","status":"publish","type":"page","link":"https:\/\/oldtownvillatulipan.com\/index.php\/iletisim\/","title":{"rendered":"\u0130leti\u015fim"},"content":{"rendered":"<p>[vc_row full_width=&#8221;stretch_row_content_no_spaces&#8221; css=&#8221;.vc_custom_1566657370335{padding-top: 30px !important;}&#8221;][vc_column][vc_gmaps link=&#8221;#E-8_JTNDaWZyYW1lJTIwc3JjJTNEJTIyaHR0cHMlM0ElMkYlMkZ3d3cuZ29vZ2xlLmNvbSUyRm1hcHMlMkZlbWJlZCUzRnBiJTNEJTIxMW0xOCUyMTFtMTIlMjExbTMlMjExZDM2NDkuODc3ODA1Nzk1MDA5JTIxMmQzMC43MDMwMzQ3MTc2ODE4NzclMjEzZDM2Ljg4MzUxMTA2ODczNjQwNCUyMTJtMyUyMTFmMCUyMTJmMCUyMTNmMCUyMTNtMiUyMTFpMTAyNCUyMTJpNzY4JTIxNGYxMy4xJTIxM20zJTIxMW0yJTIxMXMweDE0YzM5MDA1YzkxZmQ4YmIlMjUzQTB4ZmVmNDc2N2Y2MDkwYTg2MyUyMTJzVmlsbGElMjUyMFR1bGlwYW4lMjE1ZTAlMjEzbTIlMjExc3RyJTIxMnN0ciUyMTR2MTYyNDEzODg3NzYyNSUyMTVtMiUyMTFzdHIlMjEyc3RyJTIyJTIwd2lkdGglM0QlMjI2MDAlMjIlMjBoZWlnaHQlM0QlMjI0NTAlMjIlMjBzdHlsZSUzRCUyMmJvcmRlciUzQTAlM0IlMjIlMjBhbGxvd2Z1bGxzY3JlZW4lM0QlMjIlMjIlMjBsb2FkaW5nJTNEJTIybGF6eSUyMiUzRSUzQyUyRmlmcmFtZSUzRQ==&#8221;][\/vc_column][\/vc_row][vc_row content_placement=&#8221;middle&#8221; css=&#8221;.vc_custom_1568800511110{margin-right: 0px !important;margin-left: 0px !important;padding-top: 50px !important;padding-bottom: 80px !important;}&#8221;][vc_column parallax=&#8221;content-moving&#8221; parallax_speed_bg=&#8221;0&#8243; width=&#8221;1\/2&#8243;][vc_empty_space height=&#8221;5&#8243;]<div role=\"form\" class=\"wpcf7\" id=\"wpcf7-f1953-o1\" lang=\"tr-TR\" dir=\"ltr\">\n<div class=\"screen-reader-response\"><p role=\"status\" aria-live=\"polite\" aria-atomic=\"true\"><\/p> <ul><\/ul><\/div>\n<form action=\"\/index.php\/wp-json\/wp\/v2\/pages\/51#wpcf7-f1953-o1\" method=\"post\" class=\"wpcf7-form init\" novalidate=\"novalidate\" data-status=\"init\">\n<div style=\"display: none;\">\n<input type=\"hidden\" name=\"_wpcf7\" value=\"1953\" \/>\n<input type=\"hidden\" name=\"_wpcf7_version\" value=\"5.6.4\" \/>\n<input type=\"hidden\" name=\"_wpcf7_locale\" value=\"tr_TR\" \/>\n<input type=\"hidden\" name=\"_wpcf7_unit_tag\" value=\"wpcf7-f1953-o1\" \/>\n<input type=\"hidden\" name=\"_wpcf7_container_post\" value=\"0\" \/>\n<input type=\"hidden\" name=\"_wpcf7_posted_data_hash\" value=\"\" \/>\n<\/div>\n<p><label> \u0130sim Soyisim<br \/>\n    <span class=\"wpcf7-form-control-wrap\" data-name=\"your-name\"><input type=\"text\" name=\"your-name\" value=\"\" size=\"40\" class=\"wpcf7-form-control wpcf7-text wpcf7-validates-as-required\" aria-required=\"true\" aria-invalid=\"false\" \/><\/span> <\/label><\/p>\n<p><label> E-posta adresiniz<br \/>\n    <span class=\"wpcf7-form-control-wrap\" data-name=\"your-email\"><input type=\"email\" name=\"your-email\" value=\"\" size=\"40\" class=\"wpcf7-form-control wpcf7-text wpcf7-email wpcf7-validates-as-required wpcf7-validates-as-email\" aria-required=\"true\" aria-invalid=\"false\" \/><\/span> <\/label><\/p>\n<p><label> Konu<br \/>\n    <span class=\"wpcf7-form-control-wrap\" data-name=\"your-subject\"><input type=\"text\" name=\"your-subject\" value=\"\" size=\"40\" class=\"wpcf7-form-control wpcf7-text wpcf7-validates-as-required\" aria-required=\"true\" aria-invalid=\"false\" \/><\/span> <\/label><\/p>\n<p><label> \u0130letiniz (tercihe ba\u011fl\u0131)<br \/>\n    <span class=\"wpcf7-form-control-wrap\" data-name=\"your-message\"><textarea name=\"your-message\" cols=\"40\" rows=\"10\" class=\"wpcf7-form-control wpcf7-textarea\" aria-invalid=\"false\"><\/textarea><\/span> <\/label><\/p>\n<p><input type=\"submit\" value=\"G\u00f6nder\" class=\"wpcf7-form-control has-spinner wpcf7-submit\" \/><\/p>\n<div class=\"wpcf7-response-output\" aria-hidden=\"true\"><\/div><\/form><\/div>[\/vc_column][vc_column width=&#8221;1\/2&#8243; css=&#8221;.vc_custom_1624140157781{padding-top: 51px !important;padding-right: 12% !important;padding-bottom: 49px !important;padding-left: 12% !important;background-color: #ffffff !important;}&#8221;]<div id=\"ultimate-heading-593869e6000dc94fd\" class=\"uvc-heading ult-adjust-bottom-margin ultimate-heading-593869e6000dc94fd uvc-2220  uvc-heading-default-font-sizes\" data-hspacer=\"no_spacer\"  data-halign=\"left\" style=\"text-align:left\"><div class=\"uvc-heading-spacer no_spacer\" style=\"top\"><\/div><div class=\"uvc-main-heading ult-responsive\"  data-ultimate-target='.uvc-heading.ultimate-heading-593869e6000dc94fd h2'  data-responsive-json-new='{\"font-size\":\"\",\"line-height\":\"\"}' ><h2 style=\"--font-weight:theme;margin-bottom:25px;\">\u0130leti\u015fim Bilgilerimiz<\/h2><\/div><\/div><div class=\"aio-icon-component    style_1\"><div id=\"Info-box-wrap-8705\" class=\"aio-icon-box default-icon\" style=\"\"  ><div class=\"aio-icon-default\"><div class=\"ult-just-icon-wrapper  \"><div class=\"align-icon\" style=\"text-align:center;\">\n<div class=\"aio-icon circle \"  style=\"color:#ffffff;background:#d35e49;font-size:24px;display:inline-block;\">\n\t<i class=\"fas fa-phone\"><\/i>\n<\/div><\/div><\/div><\/div><div class=\"aio-icon-header\" ><h3 class=\"aio-icon-title ult-responsive\"  data-ultimate-target='#Info-box-wrap-8705 .aio-icon-title'  data-responsive-json-new='{\"font-size\":\"\",\"line-height\":\"\"}'  style=\"\">Telefon Numaram\u0131z<\/h3><\/div> <!-- header --><div class=\"aio-icon-description ult-responsive\"  data-ultimate-target='#Info-box-wrap-8705 .aio-icon-description'  data-responsive-json-new='{\"font-size\":\"\",\"line-height\":\"\"}'  style=\"\">+90 242 244 92 58<\/div> <!-- description --><\/div> <!-- aio-icon-box --><\/div> <!-- aio-icon-component --><div class=\"aio-icon-component    style_1\"><div id=\"Info-box-wrap-5571\" class=\"aio-icon-box default-icon\" style=\"\"  ><div class=\"aio-icon-default\"><div class=\"ult-just-icon-wrapper  \"><div class=\"align-icon\" style=\"text-align:center;\">\n<div class=\"aio-icon circle \"  style=\"color:#ffffff;background:#d35e49;font-size:24px;display:inline-block;\">\n\t<i class=\"fas fa-envelope\"><\/i>\n<\/div><\/div><\/div><\/div><div class=\"aio-icon-header\" ><h3 class=\"aio-icon-title ult-responsive\"  data-ultimate-target='#Info-box-wrap-5571 .aio-icon-title'  data-responsive-json-new='{\"font-size\":\"\",\"line-height\":\"\"}'  style=\"\">E-posta Adresimiz<\/h3><\/div> <!-- header --><div class=\"aio-icon-description ult-responsive\"  data-ultimate-target='#Info-box-wrap-5571 .aio-icon-description'  data-responsive-json-new='{\"font-size\":\"\",\"line-height\":\"\"}'  style=\"\">villatulipanhotel@gmail.com<\/div> <!-- description --><\/div> <!-- aio-icon-box --><\/div> <!-- aio-icon-component --><div class=\"aio-icon-component    style_1\"><div id=\"Info-box-wrap-9409\" class=\"aio-icon-box default-icon\" style=\"\"  ><div class=\"aio-icon-default\"><div class=\"ult-just-icon-wrapper  \"><div class=\"align-icon\" style=\"text-align:center;\">\n<div class=\"aio-icon circle \"  style=\"color:#ffffff;background:#d35e49;font-size:24px;display:inline-block;\">\n\t<i class=\"icomoon-the7-font-the7-map-02\"><\/i>\n<\/div><\/div><\/div><\/div><div class=\"aio-icon-header\" ><h3 class=\"aio-icon-title ult-responsive\"  data-ultimate-target='#Info-box-wrap-9409 .aio-icon-title'  data-responsive-json-new='{\"font-size\":\"\",\"line-height\":\"\"}'  style=\"\">Adresimiz<\/h3><\/div> <!-- header --><div class=\"aio-icon-description ult-responsive\"  data-ultimate-target='#Info-box-wrap-9409 .aio-icon-description'  data-responsive-json-new='{\"font-size\":\"\",\"line-height\":\"\"}'  style=\"\">K\u0131l\u0131n\u00e7arslan, Kaledibi Sk. No:6, 07100 Muratpa\u015fa\/Antalya<\/div> <!-- description --><\/div> <!-- aio-icon-box --><\/div> <!-- aio-icon-component -->[\/vc_column][\/vc_row][vc_row disable_element=&#8221;yes&#8221; css=&#8221;.vc_custom_1624139566359{padding-bottom: 20px !important;}&#8221;][vc_column width=&#8221;1\/2&#8243; el_id=&#8221;book-table&#8221; css=&#8221;.vc_custom_1566653490758{margin-bottom: 50px !important;}&#8221;][vc_custom_heading text=&#8221;Book a table&#8221; font_container=&#8221;tag:h3|text_align:center&#8221; use_theme_fonts=&#8221;yes&#8221; css=&#8221;.vc_custom_1566483175733{margin-bottom: 20px !important;}&#8221;][vc_column_text css=&#8221;.vc_custom_1566482426941{margin-bottom: 30px !important;}&#8221;]<\/p>\n<p style=\"text-align: center;\">\u00a0Ut elit tellus, luctus nec ullamcorper mattis, pulvinar dapibus leo.<\/p>\n<p>[\/vc_column_text][contact-form-7 404 \"Bulunamad\u0131\"][\/vc_column][vc_column width=&#8221;1\/2&#8243; css=&#8221;.vc_custom_1566896142446{margin-bottom: 50px !important;}&#8221;][vc_custom_heading text=&#8221;Send us a message&#8221; font_container=&#8221;tag:h3|text_align:center&#8221; use_theme_fonts=&#8221;yes&#8221; css=&#8221;.vc_custom_1566483181408{margin-bottom: 20px !important;}&#8221;][vc_column_text css=&#8221;.vc_custom_1566482943668{margin-bottom: 30px !important;}&#8221;]<\/p>\n<p style=\"text-align: center;\">Lorem ipsum dolor sit amet,\u00a0 dolor \u2013 consectetur adipiscing elit.<\/p>\n<p>[\/vc_column_text][contact-form-7 404 \"Bulunamad\u0131\"][\/vc_column][\/vc_row]<\/p>\n","protected":false},"excerpt":{"rendered":"<p>[vc_row full_width=&#8221;stretch_row_content_no_spaces&#8221; css=&#8221;.vc_custom_1566657370335{padding-top: 30px !important;}&#8221;][vc_column][vc_gmaps link=&#8221;#E-8_JTNDaWZyYW1lJTIwc3JjJTNEJTIyaHR0cHMlM0ElMkYlMkZ3d3cuZ29vZ2xlLmNvbSUyRm1hcHMlMkZlbWJlZCUzRnBiJTNEJTIxMW0xOCUyMTFtMTIlMjExbTMlMjExZDM2NDkuODc3ODA1Nzk1MDA5JTIxMmQzMC43MDMwMzQ3MTc2ODE4NzclMjEzZDM2Ljg4MzUxMTA2ODczNjQwNCUyMTJtMyUyMTFmMCUyMTJmMCUyMTNmMCUyMTNtMiUyMTFpMTAyNCUyMTJpNzY4JTIxNGYxMy4xJTIxM20zJTIxMW0yJTIxMXMweDE0YzM5MDA1YzkxZmQ4YmIlMjUzQTB4ZmVmNDc2N2Y2MDkwYTg2MyUyMTJzVmlsbGElMjUyMFR1bGlwYW4lMjE1ZTAlMjEzbTIlMjExc3RyJTIxMnN0ciUyMTR2MTYyNDEzODg3NzYyNSUyMTVtMiUyMTFzdHIlMjEyc3RyJTIyJTIwd2lkdGglM0QlMjI2MDAlMjIlMjBoZWlnaHQlM0QlMjI0NTAlMjIlMjBzdHlsZSUzRCUyMmJvcmRlciUzQTAlM0IlMjIlMjBhbGxvd2Z1bGxzY3JlZW4lM0QlMjIlMjIlMjBsb2FkaW5nJTNEJTIybGF6eSUyMiUzRSUzQyUyRmlmcmFtZSUzRQ==&#8221;][\/vc_column][\/vc_row][vc_row content_placement=&#8221;middle&#8221; css=&#8221;.vc_custom_1568800511110{margin-right: 0px !important;margin-left: 0px !important;padding-top: 50px !important;padding-bottom: 80px !important;}&#8221;][vc_column parallax=&#8221;content-moving&#8221; parallax_speed_bg=&#8221;0&#8243; width=&#8221;1\/2&#8243;][vc_empty_space height=&#8221;5&#8243;][\/vc_column][vc_column width=&#8221;1\/2&#8243; css=&#8221;.vc_custom_1624140157781{padding-top: 51px !important;padding-right: 12% !important;padding-bottom: 49px !important;padding-left: 12% !important;background-color: #ffffff !important;}&#8221;][\/vc_column][\/vc_row][vc_row disable_element=&#8221;yes&#8221; css=&#8221;.vc_custom_1624139566359{padding-bottom: 20px !important;}&#8221;][vc_column width=&#8221;1\/2&#8243; el_id=&#8221;book-table&#8221; css=&#8221;.vc_custom_1566653490758{margin-bottom: 50px !important;}&#8221;][vc_custom_heading text=&#8221;Book a table&#8221; font_container=&#8221;tag:h3|text_align:center&#8221; use_theme_fonts=&#8221;yes&#8221; css=&#8221;.vc_custom_1566483175733{margin-bottom: 20px !important;}&#8221;][vc_column_text css=&#8221;.vc_custom_1566482426941{margin-bottom: 30px !important;}&#8221;] \u00a0Ut elit tellus,&hellip;<\/p>\n","protected":false},"author":1,"featured_media":0,"parent":0,"menu_order":0,"comment_status":"closed","ping_status":"closed","template":"","meta":[],"class_list":["post-51","page","type-page","status-publish","hentry","description-off"],"_links":{"self":[{"href":"https:\/\/oldtownvillatulipan.com\/index.php\/wp-json\/wp\/v2\/pages\/51","targetHints":{"allow":["GET"]}}],"collection":[{"href":"https:\/\/oldtownvillatulipan.com\/index.php\/wp-json\/wp\/v2\/pages"}],"about":[{"href":"https:\/\/oldtownvillatulipan.com\/index.php\/wp-json\/wp\/v2\/types\/page"}],"author":[{"embeddable":true,"href":"https:\/\/oldtownvillatulipan.com\/index.php\/wp-json\/wp\/v2\/users\/1"}],"replies":[{"embeddable":true,"href":"https:\/\/oldtownvillatulipan.com\/index.php\/wp-json\/wp\/v2\/comments?post=51"}],"version-history":[{"count":28,"href":"https:\/\/oldtownvillatulipan.com\/index.php\/wp-json\/wp\/v2\/pages\/51\/revisions"}],"predecessor-version":[{"id":2082,"href":"https:\/\/oldtownvillatulipan.com\/index.php\/wp-json\/wp\/v2\/pages\/51\/revisions\/2082"}],"wp:attachment":[{"href":"https:\/\/oldtownvillatulipan.com\/index.php\/wp-json\/wp\/v2\/media?parent=51"}],"curies":[{"name":"wp","href":"https:\/\/api.w.org\/{rel}","templated":true}]}}