{"id":57,"date":"2019-06-23T06:01:41","date_gmt":"2019-06-23T06:01:41","guid":{"rendered":"https:\/\/the7.io\/hotel\/?page_id=57"},"modified":"2021-06-30T19:42:07","modified_gmt":"2021-06-30T16:42:07","slug":"yeme-icme","status":"publish","type":"page","link":"https:\/\/oldtownvillatulipan.com\/index.php\/yeme-icme\/","title":{"rendered":"Yeme &#038; \u0130\u00e7me"},"content":{"rendered":"<p>[vc_row content_placement=&#8221;middle&#8221; css=&#8221;.vc_custom_1568800435269{margin-right: 0px !important;margin-left: 0px !important;padding-top: 35px !important;padding-bottom: 80px !important;}&#8221;][vc_column parallax=&#8221;content-moving&#8221; parallax_image=&#8221;2105&#8243; width=&#8221;1\/2&#8243; css=&#8221;.vc_custom_1625071325058{margin-top: -60px !important;margin-right: 0px !important;padding-top: 200px !important;padding-right: 0px !important;padding-bottom: 200px !important;}&#8221;][\/vc_column][vc_column width=&#8221;1\/2&#8243; css=&#8221;.vc_custom_1566654200276{padding-top: 20% !important;padding-right: 12% !important;padding-bottom: 19% !important;padding-left: 12% !important;background-color: #ffffff !important;}&#8221;]<div id=\"ultimate-heading-333069e5f9d9420a4\" class=\"uvc-heading ult-adjust-bottom-margin ultimate-heading-333069e5f9d9420a4 uvc-2000  uvc-heading-default-font-sizes\" data-hspacer=\"no_spacer\"  data-halign=\"left\" style=\"text-align:left\"><div class=\"uvc-heading-spacer no_spacer\" style=\"top\"><\/div><div class=\"uvc-sub-heading ult-responsive\"  data-ultimate-target='.uvc-heading.ultimate-heading-333069e5f9d9420a4 .uvc-sub-heading '  data-responsive-json-new='{\"font-size\":\"\",\"line-height\":\"\"}'  style=\"font-weight:normal;\">Tesisimizde konaklamalara kahvalt\u0131 dahildir. Kahvalt\u0131n\u0131z\u0131 dilerseniz panoramik manzaral\u0131 \u00e7at\u0131 teras\u0131nda dilerseniz de bah\u00e7ede yapabilirsiniz. Zengin, organik \u00fcr\u00fcnlerle haz\u0131rlanan serpme kahvalt\u0131m\u0131z misafirlerimiz taraf\u0131ndan be\u011fenilmektedir.<\/p>\n<p>Ekstra olarak g\u00fcn i\u00e7erisinde tesisimizin yeme-i\u00e7me olanaklar\u0131ndan da faydalanabilirsiniz.<\/p>\n<p>Ayr\u0131ca oda servisimiz de mevcuttur.<\/div><\/div>[\/vc_column][\/vc_row][vc_row][\/vc_row]<\/p>\n","protected":false},"excerpt":{"rendered":"<p>[vc_row content_placement=&#8221;middle&#8221; css=&#8221;.vc_custom_1568800435269{margin-right: 0px !important;margin-left: 0px !important;padding-top: 35px !important;padding-bottom: 80px !important;}&#8221;][vc_column parallax=&#8221;content-moving&#8221; parallax_image=&#8221;2105&#8243; width=&#8221;1\/2&#8243; css=&#8221;.vc_custom_1625071325058{margin-top: -60px !important;margin-right: 0px !important;padding-top: 200px !important;padding-right: 0px !important;padding-bottom: 200px !important;}&#8221;][\/vc_column][vc_column width=&#8221;1\/2&#8243; css=&#8221;.vc_custom_1566654200276{padding-top: 20% !important;padding-right: 12% !important;padding-bottom: 19% !important;padding-left: 12% !important;background-color: #ffffff !important;}&#8221;][\/vc_column][\/vc_row][vc_row][\/vc_row]<\/p>\n","protected":false},"author":1,"featured_media":0,"parent":0,"menu_order":0,"comment_status":"closed","ping_status":"closed","template":"","meta":[],"class_list":["post-57","page","type-page","status-publish","hentry","description-off"],"_links":{"self":[{"href":"https:\/\/oldtownvillatulipan.com\/index.php\/wp-json\/wp\/v2\/pages\/57","targetHints":{"allow":["GET"]}}],"collection":[{"href":"https:\/\/oldtownvillatulipan.com\/index.php\/wp-json\/wp\/v2\/pages"}],"about":[{"href":"https:\/\/oldtownvillatulipan.com\/index.php\/wp-json\/wp\/v2\/types\/page"}],"author":[{"embeddable":true,"href":"https:\/\/oldtownvillatulipan.com\/index.php\/wp-json\/wp\/v2\/users\/1"}],"replies":[{"embeddable":true,"href":"https:\/\/oldtownvillatulipan.com\/index.php\/wp-json\/wp\/v2\/comments?post=57"}],"version-history":[{"count":6,"href":"https:\/\/oldtownvillatulipan.com\/index.php\/wp-json\/wp\/v2\/pages\/57\/revisions"}],"predecessor-version":[{"id":2107,"href":"https:\/\/oldtownvillatulipan.com\/index.php\/wp-json\/wp\/v2\/pages\/57\/revisions\/2107"}],"wp:attachment":[{"href":"https:\/\/oldtownvillatulipan.com\/index.php\/wp-json\/wp\/v2\/media?parent=57"}],"curies":[{"name":"wp","href":"https:\/\/api.w.org\/{rel}","templated":true}]}}