{"id":2197,"date":"2019-06-23T05:58:00","date_gmt":"2019-06-23T05:58:00","guid":{"rendered":"http:\/\/oldtownvillatulipan.com\/index.php\/iletisim\/"},"modified":"2021-07-11T19:37:35","modified_gmt":"2021-07-11T16:37:35","slug":"iletisim","status":"publish","type":"page","link":"https:\/\/oldtownvillatulipan.com\/ru\/index.php\/iletisim\/","title":{"rendered":"\u041a\u043e\u043d\u0442\u0430\u043a\u0442"},"content":{"rendered":"<p>[vc_row full_width=&#187;stretch_row_content_no_spaces&#187; css=&#187;.vc_custom_1566657370335{padding-top: 30px !important;}&#187;][vc_column][vc_gmaps link=&#187;#E-8_JTNDaWZyYW1lJTIwc3JjJTNEJTIyaHR0cHMlM0ElMkYlMkZ3d3cuZ29vZ2xlLmNvbSUyRm1hcHMlMkZlbWJlZCUzRnBiJTNEJTIxMW0xOCUyMTFtMTIlMjExbTMlMjExZDM2NDkuODc3ODA1Nzk1MDA5JTIxMmQzMC43MDMwMzQ3MTc2ODE4NzclMjEzZDM2Ljg4MzUxMTA2ODczNjQwNCUyMTJtMyUyMTFmMCUyMTJmMCUyMTNmMCUyMTNtMiUyMTFpMTAyNCUyMTJpNzY4JTIxNGYxMy4xJTIxM20zJTIxMW0yJTIxMXMweDE0YzM5MDA1YzkxZmQ4YmIlMjUzQTB4ZmVmNDc2N2Y2MDkwYTg2MyUyMTJzVmlsbGElMjUyMFR1bGlwYW4lMjE1ZTAlMjEzbTIlMjExc3RyJTIxMnN0ciUyMTR2MTYyNDEzODg3NzYyNSUyMTVtMiUyMTFzdHIlMjEyc3RyJTIyJTIwd2lkdGglM0QlMjI2MDAlMjIlMjBoZWlnaHQlM0QlMjI0NTAlMjIlMjBzdHlsZSUzRCUyMmJvcmRlciUzQTAlM0IlMjIlMjBhbGxvd2Z1bGxzY3JlZW4lM0QlMjIlMjIlMjBsb2FkaW5nJTNEJTIybGF6eSUyMiUzRSUzQyUyRmlmcmFtZSUzRQ==&#187;][\/vc_column][\/vc_row][vc_row content_placement=&#187;middle&#187; css=&#187;.vc_custom_1568800511110{margin-right: 0px !important;margin-left: 0px !important;padding-top: 50px !important;padding-bottom: 80px !important;}&#187;][vc_column parallax=&#187;content-moving&#187; parallax_speed_bg=&#187;0&#8243; width=&#187;1\/2&#8243;][vc_empty_space height=&#187;5&#8243;]<div role=\"form\" class=\"wpcf7\" id=\"wpcf7-f2196-o1\" lang=\"tr-TR\" dir=\"ltr\">\n<div class=\"screen-reader-response\"><p role=\"status\" aria-live=\"polite\" aria-atomic=\"true\"><\/p> <ul><\/ul><\/div>\n<form action=\"\/ru\/index.php\/wp-json\/wp\/v2\/pages\/2197#wpcf7-f2196-o1\" method=\"post\" class=\"wpcf7-form init\" novalidate=\"novalidate\" data-status=\"init\">\n<div style=\"display: none;\">\n<input type=\"hidden\" name=\"_wpcf7\" value=\"2196\" \/>\n<input type=\"hidden\" name=\"_wpcf7_version\" value=\"5.6.4\" \/>\n<input type=\"hidden\" name=\"_wpcf7_locale\" value=\"tr_TR\" \/>\n<input type=\"hidden\" name=\"_wpcf7_unit_tag\" value=\"wpcf7-f2196-o1\" \/>\n<input type=\"hidden\" name=\"_wpcf7_container_post\" value=\"0\" \/>\n<input type=\"hidden\" name=\"_wpcf7_posted_data_hash\" value=\"\" \/>\n<\/div>\n<p><label> \u0418\u043c\u044f \u0424\u0430\u043c\u0438\u043b\u0438\u044f<br \/>\n    <span class=\"wpcf7-form-control-wrap\" data-name=\"your-name\"><input type=\"text\" name=\"your-name\" value=\"\" size=\"40\" class=\"wpcf7-form-control wpcf7-text wpcf7-validates-as-required\" aria-required=\"true\" aria-invalid=\"false\" \/><\/span> <\/label><\/p>\n<p><label> \u0410\u0434\u0440\u0435\u0441 \u044d\u043b\u0435\u043a\u0442\u0440\u043e\u043d\u043d\u043e\u0439 \u043f\u043e\u0447\u0442\u044b<br \/>\n    <span class=\"wpcf7-form-control-wrap\" data-name=\"your-email\"><input type=\"email\" name=\"your-email\" value=\"\" size=\"40\" class=\"wpcf7-form-control wpcf7-text wpcf7-email wpcf7-validates-as-required wpcf7-validates-as-email\" aria-required=\"true\" aria-invalid=\"false\" \/><\/span> <\/label><\/p>\n<p><label> \u0442\u0435\u043c\u0430<br \/>\n    <span class=\"wpcf7-form-control-wrap\" data-name=\"your-subject\"><input type=\"text\" name=\"your-subject\" value=\"\" size=\"40\" class=\"wpcf7-form-control wpcf7-text wpcf7-validates-as-required\" aria-required=\"true\" aria-invalid=\"false\" \/><\/span> <\/label><\/p>\n<p><label> \u0421\u043e\u043e\u0431\u0449\u0435\u043d\u0438\u0435<br \/>\n    <span class=\"wpcf7-form-control-wrap\" data-name=\"your-message\"><textarea name=\"your-message\" cols=\"40\" rows=\"10\" class=\"wpcf7-form-control wpcf7-textarea\" aria-invalid=\"false\"><\/textarea><\/span> <\/label><\/p>\n<p><input type=\"submit\" value=\"\u041e\u0442\u043f\u0440\u0430\u0432\u0438\u0442\u044c\" class=\"wpcf7-form-control has-spinner wpcf7-submit\" \/><\/p>\n<div class=\"wpcf7-response-output\" aria-hidden=\"true\"><\/div><\/form><\/div>[\/vc_column][vc_column width=&#187;1\/2&#8243; css=&#187;.vc_custom_1624140157781{padding-top: 51px !important;padding-right: 12% !important;padding-bottom: 49px !important;padding-left: 12% !important;background-color: #ffffff !important;}&#187;]<div id=\"ultimate-heading-79406a02be2b5d07d\" class=\"uvc-heading ult-adjust-bottom-margin ultimate-heading-79406a02be2b5d07d uvc-800  uvc-heading-default-font-sizes\" data-hspacer=\"no_spacer\"  data-halign=\"left\" style=\"text-align:left\"><div class=\"uvc-heading-spacer no_spacer\" style=\"top\"><\/div><div class=\"uvc-main-heading ult-responsive\"  data-ultimate-target='.uvc-heading.ultimate-heading-79406a02be2b5d07d h2'  data-responsive-json-new='{\"font-size\":\"\",\"line-height\":\"\"}' ><h2 style=\"--font-weight:theme;margin-bottom:25px;\">\u041d\u0430\u0448\u0430 \u043a\u043e\u043d\u0442\u0430\u043a\u0442\u043d\u0430\u044f \u0438\u043d\u0444\u043e\u0440\u043c\u0430\u0446\u0438\u044f<\/h2><\/div><\/div><div class=\"aio-icon-component    style_1\"><div id=\"Info-box-wrap-6971\" class=\"aio-icon-box default-icon\" style=\"\"  ><div class=\"aio-icon-default\"><div class=\"ult-just-icon-wrapper  \"><div class=\"align-icon\" style=\"text-align:center;\">\n<div class=\"aio-icon circle \"  style=\"color:#ffffff;background:#d35e49;font-size:24px;display:inline-block;\">\n\t<i class=\"fas fa-phone\"><\/i>\n<\/div><\/div><\/div><\/div><div class=\"aio-icon-header\" ><h3 class=\"aio-icon-title ult-responsive\"  data-ultimate-target='#Info-box-wrap-6971 .aio-icon-title'  data-responsive-json-new='{\"font-size\":\"\",\"line-height\":\"\"}'  style=\"\">\u041d\u0430\u0448 \u043d\u043e\u043c\u0435\u0440 \u0442\u0435\u043b\u0435\u0444\u043e\u043d\u0430<\/h3><\/div> <!-- header --><div class=\"aio-icon-description ult-responsive\"  data-ultimate-target='#Info-box-wrap-6971 .aio-icon-description'  data-responsive-json-new='{\"font-size\":\"\",\"line-height\":\"\"}'  style=\"\">+90 242 244 92 58<\/div> <!-- description --><\/div> <!-- aio-icon-box --><\/div> <!-- aio-icon-component --><div class=\"aio-icon-component    style_1\"><div id=\"Info-box-wrap-3141\" class=\"aio-icon-box default-icon\" style=\"\"  ><div class=\"aio-icon-default\"><div class=\"ult-just-icon-wrapper  \"><div class=\"align-icon\" style=\"text-align:center;\">\n<div class=\"aio-icon circle \"  style=\"color:#ffffff;background:#d35e49;font-size:24px;display:inline-block;\">\n\t<i class=\"fas fa-envelope\"><\/i>\n<\/div><\/div><\/div><\/div><div class=\"aio-icon-header\" ><h3 class=\"aio-icon-title ult-responsive\"  data-ultimate-target='#Info-box-wrap-3141 .aio-icon-title'  data-responsive-json-new='{\"font-size\":\"\",\"line-height\":\"\"}'  style=\"\">\u041d\u0430\u0448 \u0430\u0434\u0440\u0435\u0441 \u044d\u043b\u0435\u043a\u0442\u0440\u043e\u043d\u043d\u043e\u0439 \u043f\u043e\u0447\u0442\u044b<\/h3><\/div> <!-- header --><div class=\"aio-icon-description ult-responsive\"  data-ultimate-target='#Info-box-wrap-3141 .aio-icon-description'  data-responsive-json-new='{\"font-size\":\"\",\"line-height\":\"\"}'  style=\"\">villatulipanhotel@gmail.com<\/div> <!-- description --><\/div> <!-- aio-icon-box --><\/div> <!-- aio-icon-component --><div class=\"aio-icon-component    style_1\"><div id=\"Info-box-wrap-8782\" class=\"aio-icon-box default-icon\" style=\"\"  ><div class=\"aio-icon-default\"><div class=\"ult-just-icon-wrapper  \"><div class=\"align-icon\" style=\"text-align:center;\">\n<div class=\"aio-icon circle \"  style=\"color:#ffffff;background:#d35e49;font-size:24px;display:inline-block;\">\n\t<i class=\"icomoon-the7-font-the7-map-02\"><\/i>\n<\/div><\/div><\/div><\/div><div class=\"aio-icon-header\" ><h3 class=\"aio-icon-title ult-responsive\"  data-ultimate-target='#Info-box-wrap-8782 .aio-icon-title'  data-responsive-json-new='{\"font-size\":\"\",\"line-height\":\"\"}'  style=\"\">\u041d\u0430\u0448 \u0430\u0434\u0440\u0435\u0441\u0441<\/h3><\/div> <!-- header --><div class=\"aio-icon-description ult-responsive\"  data-ultimate-target='#Info-box-wrap-8782 .aio-icon-description'  data-responsive-json-new='{\"font-size\":\"\",\"line-height\":\"\"}'  style=\"\">K\u0131l\u0131n\u00e7arslan, Kaledibi Sk. No:6, 07100 Muratpa\u015fa\/Antalya<\/div> <!-- description --><\/div> <!-- aio-icon-box --><\/div> <!-- aio-icon-component -->[\/vc_column][\/vc_row][vc_row disable_element=&#187;yes&#187; css=&#187;.vc_custom_1624139566359{padding-bottom: 20px !important;}&#187;][vc_column width=&#187;1\/2&#8243; el_id=&#187;book-table&#187; css=&#187;.vc_custom_1566653490758{margin-bottom: 50px !important;}&#187;][vc_custom_heading text=&#187;Book a table&#187; font_container=&#187;tag:h3|text_align:center&#187; use_theme_fonts=&#187;yes&#187; css=&#187;.vc_custom_1566483175733{margin-bottom: 20px !important;}&#187;][vc_column_text css=&#187;.vc_custom_1566482426941{margin-bottom: 30px !important;}&#187;]<\/p>\n<p style=\"text-align: center;\">\u00a0Ut elit tellus, luctus nec ullamcorper mattis, pulvinar dapibus leo.<\/p>\n<p>[\/vc_column_text][contact-form-7 404 \"\u041d\u0435 \u043d\u0430\u0439\u0434\u0435\u043d\u043e\"][\/vc_column][vc_column width=&#187;1\/2&#8243; css=&#187;.vc_custom_1566896142446{margin-bottom: 50px !important;}&#187;][vc_custom_heading text=&#187;Send us a message&#187; font_container=&#187;tag:h3|text_align:center&#187; use_theme_fonts=&#187;yes&#187; css=&#187;.vc_custom_1566483181408{margin-bottom: 20px !important;}&#187;][vc_column_text css=&#187;.vc_custom_1566482943668{margin-bottom: 30px !important;}&#187;]<\/p>\n<p style=\"text-align: center;\">Lorem ipsum dolor sit amet,\u00a0 dolor \u2013 consectetur adipiscing elit.<\/p>\n<p>[\/vc_column_text][contact-form-7 404 \"\u041d\u0435 \u043d\u0430\u0439\u0434\u0435\u043d\u043e\"][\/vc_column][\/vc_row]<\/p>\n","protected":false},"excerpt":{"rendered":"<p>[vc_row full_width=&#187;stretch_row_content_no_spaces&#187; css=&#187;.vc_custom_1566657370335{padding-top: 30px !important;}&#187;][vc_column][vc_gmaps link=&#187;#E-8_JTNDaWZyYW1lJTIwc3JjJTNEJTIyaHR0cHMlM0ElMkYlMkZ3d3cuZ29vZ2xlLmNvbSUyRm1hcHMlMkZlbWJlZCUzRnBiJTNEJTIxMW0xOCUyMTFtMTIlMjExbTMlMjExZDM2NDkuODc3ODA1Nzk1MDA5JTIxMmQzMC43MDMwMzQ3MTc2ODE4NzclMjEzZDM2Ljg4MzUxMTA2ODczNjQwNCUyMTJtMyUyMTFmMCUyMTJmMCUyMTNmMCUyMTNtMiUyMTFpMTAyNCUyMTJpNzY4JTIxNGYxMy4xJTIxM20zJTIxMW0yJTIxMXMweDE0YzM5MDA1YzkxZmQ4YmIlMjUzQTB4ZmVmNDc2N2Y2MDkwYTg2MyUyMTJzVmlsbGElMjUyMFR1bGlwYW4lMjE1ZTAlMjEzbTIlMjExc3RyJTIxMnN0ciUyMTR2MTYyNDEzODg3NzYyNSUyMTVtMiUyMTFzdHIlMjEyc3RyJTIyJTIwd2lkdGglM0QlMjI2MDAlMjIlMjBoZWlnaHQlM0QlMjI0NTAlMjIlMjBzdHlsZSUzRCUyMmJvcmRlciUzQTAlM0IlMjIlMjBhbGxvd2Z1bGxzY3JlZW4lM0QlMjIlMjIlMjBsb2FkaW5nJTNEJTIybGF6eSUyMiUzRSUzQyUyRmlmcmFtZSUzRQ==&#187;][\/vc_column][\/vc_row][vc_row content_placement=&#187;middle&#187; css=&#187;.vc_custom_1568800511110{margin-right: 0px !important;margin-left: 0px !important;padding-top: 50px !important;padding-bottom: 80px !important;}&#187;][vc_column parallax=&#187;content-moving&#187; parallax_speed_bg=&#187;0&#8243; width=&#187;1\/2&#8243;][vc_empty_space height=&#187;5&#8243;][\/vc_column][vc_column width=&#187;1\/2&#8243; css=&#187;.vc_custom_1624140157781{padding-top: 51px !important;padding-right: 12% !important;padding-bottom: 49px !important;padding-left: 12% !important;background-color: #ffffff !important;}&#187;][\/vc_column][\/vc_row][vc_row disable_element=&#187;yes&#187; css=&#187;.vc_custom_1624139566359{padding-bottom: 20px !important;}&#187;][vc_column width=&#187;1\/2&#8243; el_id=&#187;book-table&#187; css=&#187;.vc_custom_1566653490758{margin-bottom: 50px !important;}&#187;][vc_custom_heading text=&#187;Book a table&#187; font_container=&#187;tag:h3|text_align:center&#187; use_theme_fonts=&#187;yes&#187; css=&#187;.vc_custom_1566483175733{margin-bottom: 20px !important;}&#187;][vc_column_text css=&#187;.vc_custom_1566482426941{margin-bottom: 30px !important;}&#187;] \u00a0Ut elit tellus,&hellip;<\/p>\n","protected":false},"author":1,"featured_media":0,"parent":0,"menu_order":0,"comment_status":"closed","ping_status":"closed","template":"","meta":[],"class_list":["post-2197","page","type-page","status-publish","hentry","description-off"],"_links":{"self":[{"href":"https:\/\/oldtownvillatulipan.com\/ru\/index.php\/wp-json\/wp\/v2\/pages\/2197","targetHints":{"allow":["GET"]}}],"collection":[{"href":"https:\/\/oldtownvillatulipan.com\/ru\/index.php\/wp-json\/wp\/v2\/pages"}],"about":[{"href":"https:\/\/oldtownvillatulipan.com\/ru\/index.php\/wp-json\/wp\/v2\/types\/page"}],"author":[{"embeddable":true,"href":"https:\/\/oldtownvillatulipan.com\/ru\/index.php\/wp-json\/wp\/v2\/users\/1"}],"replies":[{"embeddable":true,"href":"https:\/\/oldtownvillatulipan.com\/ru\/index.php\/wp-json\/wp\/v2\/comments?post=2197"}],"version-history":[{"count":3,"href":"https:\/\/oldtownvillatulipan.com\/ru\/index.php\/wp-json\/wp\/v2\/pages\/2197\/revisions"}],"predecessor-version":[{"id":2200,"href":"https:\/\/oldtownvillatulipan.com\/ru\/index.php\/wp-json\/wp\/v2\/pages\/2197\/revisions\/2200"}],"wp:attachment":[{"href":"https:\/\/oldtownvillatulipan.com\/ru\/index.php\/wp-json\/wp\/v2\/media?parent=2197"}],"curies":[{"name":"wp","href":"https:\/\/api.w.org\/{rel}","templated":true}]}}